{"id":18,"date":"2024-04-21T16:40:17","date_gmt":"2024-04-21T14:40:17","guid":{"rendered":"https:\/\/ckccp.org\/wordpress\/?page_id=18"},"modified":"2024-07-24T14:06:53","modified_gmt":"2024-07-24T12:06:53","slug":"la-location","status":"publish","type":"page","link":"https:\/\/www.ckccp.org\/index.php\/la-location\/","title":{"rendered":"TARIF DES LOCATIONS"},"content":{"rendered":"\n<div class=\"wp-block-group alignfull has-global-padding is-layout-constrained wp-block-group-is-layout-constrained\" style=\"margin-top:0px\">\n<div class=\"wp-block-columns has-smaller-left-margin is-layout-flex wp-container-core-columns-is-layout-28f84493 wp-block-columns-is-layout-flex\">\n<div class=\"wp-block-column is-style-shadow has-background-background-color has-background is-layout-flow wp-container-core-column-is-layout-dba16a7e wp-block-column-is-layout-flow\" style=\"padding-top:0;padding-right:0;padding-bottom:0;padding-left:0\">\n<div class=\"wp-block-group has-background-color has-text-color has-background is-layout-flow wp-block-group-is-layout-flow\" style=\"border-top-left-radius:20px;border-top-right-radius:20px;background:linear-gradient(135deg,rgb(102,162,227) 0%,rgb(102,162,227) 100%);padding-top:20px;padding-right:30px;padding-bottom:20px;padding-left:30px\">\n<div style=\"height:20px\" aria-hidden=\"true\" class=\"wp-block-spacer\"><\/div>\n\n\n\n<h2 class=\"wp-block-heading has-text-align-center has-white-color has-text-color\" style=\"font-size:clamp(24.034px, 1.502rem + ((1vw - 3.2px) * 1.663), 40px);\">Enfant<\/h2>\n\n\n\n<div style=\"height:20px\" aria-hidden=\"true\" class=\"wp-block-spacer\"><\/div>\n<\/div>\n\n\n\n<div class=\"wp-block-group is-layout-flow wp-container-core-group-is-layout-8a7de2ab wp-block-group-is-layout-flow\" style=\"border-style:none;border-width:0px;padding-top:40px;padding-right:40px;padding-bottom:40px;padding-left:40px\">\n<p class=\"has-text-align-center has-small-font-size\">5\u20ac l\u2019heure<\/p>\n\n\n\n<hr class=\"wp-block-separator has-text-color has-lightgrey-color has-alpha-channel-opacity has-lightgrey-background-color has-background is-style-wide\"\/>\n\n\n\n<p class=\"has-text-align-center has-small-font-size\">10\u20ac les 3 heures<\/p>\n\n\n\n<hr class=\"wp-block-separator has-text-color has-lightgrey-color has-alpha-channel-opacity has-lightgrey-background-color has-background is-style-wide\"\/>\n\n\n\n<div class=\"wp-block-buttons is-horizontal is-content-justification-center is-layout-flex wp-container-core-buttons-is-layout-a27650bb wp-block-buttons-is-layout-flex\" style=\"margin-top:40px\">\n<div class=\"wp-block-button\"><a class=\"wp-block-button__link has-background wp-element-button\" href=\"https:\/\/www.ckccp.org\/index.php\/contact\/\" style=\"background-color:#ce5e2d\">Contactez-nous<\/a><\/div>\n<\/div>\n<\/div>\n<\/div>\n\n\n\n<div class=\"wp-block-column is-style-shadow has-background-background-color has-background is-layout-flow wp-container-core-column-is-layout-dba16a7e wp-block-column-is-layout-flow\" style=\"border-style:none;border-width:0px;padding-top:0;padding-right:0;padding-bottom:0;padding-left:0\">\n<div class=\"wp-block-group has-background-color has-text-color has-background has-global-padding is-layout-constrained wp-container-core-group-is-layout-4a803732 wp-block-group-is-layout-constrained\" style=\"border-top-left-radius:20px;border-top-right-radius:20px;background:linear-gradient(135deg,rgb(102,162,227) 0%,rgb(102,162,227) 100%);padding-top:20px;padding-right:30px;padding-bottom:20px;padding-left:30px\">\n<div style=\"height:20px\" aria-hidden=\"true\" class=\"wp-block-spacer\"><\/div>\n\n\n\n<h2 class=\"wp-block-heading has-text-align-center has-white-color has-text-color\" style=\"font-size:clamp(24.034px, 1.502rem + ((1vw - 3.2px) * 1.663), 40px);\">Adulte<\/h2>\n\n\n\n<div style=\"height:20px\" aria-hidden=\"true\" class=\"wp-block-spacer\"><\/div>\n<\/div>\n\n\n\n<div class=\"wp-block-group has-global-padding is-layout-constrained wp-container-core-group-is-layout-c1694ee5 wp-block-group-is-layout-constrained\" style=\"border-style:none;border-width:0px;padding-top:40px;padding-right:40px;padding-bottom:40px;padding-left:40px\">\n<p class=\"has-text-align-center has-small-font-size\">10\u20ac l\u2019heure<\/p>\n\n\n\n<hr class=\"wp-block-separator has-text-color has-lightgrey-color has-alpha-channel-opacity has-lightgrey-background-color has-background is-style-wide\"\/>\n\n\n\n<p class=\"has-text-align-center has-small-font-size\">20\u20ac les 3 heures<\/p>\n\n\n\n<hr class=\"wp-block-separator has-text-color has-lightgrey-color has-alpha-channel-opacity has-lightgrey-background-color has-background is-style-wide\"\/>\n\n\n\n<div class=\"wp-block-buttons is-horizontal is-content-justification-center is-layout-flex wp-container-core-buttons-is-layout-a27650bb wp-block-buttons-is-layout-flex\" style=\"margin-top:40px\">\n<div class=\"wp-block-button\"><a class=\"wp-block-button__link has-background wp-element-button\" href=\"https:\/\/www.ckccp.org\/index.php\/contact\/\" style=\"background-color:#ce5e2d\">Contactez-nous<\/a><\/div>\n<\/div>\n<\/div>\n<\/div>\n\n\n\n<div style=\"height:41px;width:0px\" aria-hidden=\"true\" class=\"wp-block-spacer wp-container-content-29cb0303\"><\/div>\n<\/div>\n\n\n\n<h2 class=\"wp-block-heading\">Tarif groupes sur r\u00e9servation<\/h2>\n\n\n\n<p>\u00c0 partir de <strong>8 personnes<\/strong>, avec ou sans accompagnement, avec ou sans entra\u00eenement\u2026 tout est possible !&nbsp;<a href=\"https:\/\/www.ckccp.org\/index.php\/contact\/\">Contactez-nous<\/a> et nous vous proposerons un devis adapt\u00e9 \u00e0 votre projet.<\/p>\n\n\n\n<p><\/p>\n<\/div>\n\n\n\n<div class=\"wp-block-cover alignfull is-light\" style=\"min-height:300px;aspect-ratio:unset;\"><span aria-hidden=\"true\" class=\"wp-block-cover__background has-background-dim-20 has-background-dim\"><\/span><video class=\"wp-block-cover__video-background intrinsic-ignore\" autoplay muted loop playsinline src=\"https:\/\/demo.wpzoom.com\/inspiro-lite\/files\/2022\/03\/Pexels-Videos-1409899-1.mp4\" data-object-fit=\"cover\"><\/video><div class=\"wp-block-cover__inner-container is-layout-flow wp-block-cover-is-layout-flow\">\n<p class=\"has-text-align-center has-white-color has-text-color\" style=\"font-size:clamp(37.821px, 2.364rem + ((1vw - 3.2px) * 3.352), 70px);font-style:normal;font-weight:900\"><strong>KAY<\/strong>AK &#8211; PADDLE<\/p>\n\n\n\n<p class=\"has-text-align-center has-white-color has-text-color has-medium-font-size\" style=\"letter-spacing:1px\">Prenez l&rsquo;eau, prenez l&rsquo;air, franchissez le seuil !<\/p>\n\n\n\n<div style=\"height:71px\" aria-hidden=\"true\" class=\"wp-block-spacer\"><\/div>\n\n\n\n<div class=\"wp-block-buttons is-content-justification-center is-layout-flex wp-container-core-buttons-is-layout-a89b3969 wp-block-buttons-is-layout-flex\">\n<div class=\"wp-block-button is-style-outline is-style-outline--1\"><a class=\"wp-block-button__link has-white-color has-text-color wp-element-button\" href=\"https:\/\/www.ckccp.org\/index.php\/contact\/\" style=\"border-radius:0px\">Contactez-nous<\/a><\/div>\n<\/div>\n<\/div><\/div>\n","protected":false},"excerpt":{"rendered":"<p>Enfant 5\u20ac l\u2019heure 10\u20ac les 3 heures Adulte 10\u20ac l\u2019heure 20\u20ac les 3 heures Tarif groupes sur r\u00e9servation \u00c0 partir de 8 personnes, avec ou sans accompagnement, avec ou sans entra\u00eenement\u2026 tout est possible !&nbsp;Contactez-nous et nous vous proposerons un devis adapt\u00e9 \u00e0 votre projet.<\/p>\n","protected":false},"author":1,"featured_media":0,"parent":0,"menu_order":0,"comment_status":"closed","ping_status":"closed","template":"","meta":{"footnotes":""},"class_list":["post-18","page","type-page","status-publish","hentry"],"yoast_head":"<!-- This site is optimized with the Yoast SEO plugin v23.0 - https:\/\/yoast.com\/wordpress\/plugins\/seo\/ -->\n<title>TARIF DES LOCATIONS - CKCCP Cano\u00eb Kayak Chasseneuil<\/title>\n<meta name=\"robots\" content=\"index, follow, max-snippet:-1, max-image-preview:large, max-video-preview:-1\" \/>\n<link rel=\"canonical\" href=\"https:\/\/www.ckccp.org\/index.php\/la-location\/\" \/>\n<meta property=\"og:locale\" content=\"fr_FR\" \/>\n<meta property=\"og:type\" content=\"article\" \/>\n<meta property=\"og:title\" content=\"TARIF DES LOCATIONS - CKCCP Cano\u00eb Kayak Chasseneuil\" \/>\n<meta property=\"og:description\" content=\"Enfant 5\u20ac l\u2019heure 10\u20ac les 3 heures Adulte 10\u20ac l\u2019heure 20\u20ac les 3 heures Tarif groupes sur r\u00e9servation \u00c0 partir de 8 personnes, avec ou sans accompagnement, avec ou sans entra\u00eenement\u2026 tout est possible !&nbsp;Contactez-nous et nous vous proposerons un devis adapt\u00e9 \u00e0 votre projet.\" \/>\n<meta property=\"og:url\" content=\"https:\/\/www.ckccp.org\/index.php\/la-location\/\" \/>\n<meta property=\"og:site_name\" content=\"CKCCP Cano\u00eb Kayak Chasseneuil\" \/>\n<meta property=\"article:publisher\" content=\"https:\/\/www.facebook.com\/CKChasseneuildupoitou\/?locale=fr_FR\" \/>\n<meta property=\"article:modified_time\" content=\"2024-07-24T12:06:53+00:00\" \/>\n<meta name=\"twitter:card\" content=\"summary_large_image\" \/>\n<meta name=\"twitter:label1\" content=\"Dur\u00e9e de lecture estim\u00e9e\" \/>\n\t<meta name=\"twitter:data1\" content=\"1 minute\" \/>\n<script type=\"application\/ld+json\" class=\"yoast-schema-graph\">{\"@context\":\"https:\/\/schema.org\",\"@graph\":[{\"@type\":\"WebPage\",\"@id\":\"https:\/\/www.ckccp.org\/index.php\/la-location\/\",\"url\":\"https:\/\/www.ckccp.org\/index.php\/la-location\/\",\"name\":\"TARIF DES LOCATIONS - CKCCP Cano\u00eb Kayak Chasseneuil\",\"isPartOf\":{\"@id\":\"https:\/\/www.ckccp.org\/#website\"},\"datePublished\":\"2024-04-21T14:40:17+00:00\",\"dateModified\":\"2024-07-24T12:06:53+00:00\",\"breadcrumb\":{\"@id\":\"https:\/\/www.ckccp.org\/index.php\/la-location\/#breadcrumb\"},\"inLanguage\":\"fr-FR\",\"potentialAction\":[{\"@type\":\"ReadAction\",\"target\":[\"https:\/\/www.ckccp.org\/index.php\/la-location\/\"]}]},{\"@type\":\"BreadcrumbList\",\"@id\":\"https:\/\/www.ckccp.org\/index.php\/la-location\/#breadcrumb\",\"itemListElement\":[{\"@type\":\"ListItem\",\"position\":1,\"name\":\"Accueil\",\"item\":\"https:\/\/www.ckccp.org\/\"},{\"@type\":\"ListItem\",\"position\":2,\"name\":\"TARIF DES LOCATIONS\"}]},{\"@type\":\"WebSite\",\"@id\":\"https:\/\/www.ckccp.org\/#website\",\"url\":\"https:\/\/www.ckccp.org\/\",\"name\":\"Cano\u00eb Kayak Club Chasseneuil du Poitou\",\"description\":\"CKCCP Cano\u00eb Kayak Chasseneuil\",\"publisher\":{\"@id\":\"https:\/\/www.ckccp.org\/#organization\"},\"potentialAction\":[{\"@type\":\"SearchAction\",\"target\":{\"@type\":\"EntryPoint\",\"urlTemplate\":\"https:\/\/www.ckccp.org\/?s={search_term_string}\"},\"query-input\":\"required name=search_term_string\"}],\"inLanguage\":\"fr-FR\"},{\"@type\":\"Organization\",\"@id\":\"https:\/\/www.ckccp.org\/#organization\",\"name\":\"Cano\u00eb Kayak Club Chasseneuil du Poitou\",\"alternateName\":\"ckccp\",\"url\":\"https:\/\/www.ckccp.org\/\",\"logo\":{\"@type\":\"ImageObject\",\"inLanguage\":\"fr-FR\",\"@id\":\"https:\/\/www.ckccp.org\/#\/schema\/logo\/image\/\",\"url\":\"https:\/\/www.ckccp.org\/wp-content\/uploads\/2024\/07\/image.png\",\"contentUrl\":\"https:\/\/www.ckccp.org\/wp-content\/uploads\/2024\/07\/image.png\",\"width\":483,\"height\":483,\"caption\":\"Cano\u00eb Kayak Club Chasseneuil du Poitou\"},\"image\":{\"@id\":\"https:\/\/www.ckccp.org\/#\/schema\/logo\/image\/\"},\"sameAs\":[\"https:\/\/www.facebook.com\/CKChasseneuildupoitou\/?locale=fr_FR\"]}]}<\/script>\n<!-- \/ Yoast SEO plugin. -->","yoast_head_json":{"title":"TARIF DES LOCATIONS - CKCCP Cano\u00eb Kayak Chasseneuil","robots":{"index":"index","follow":"follow","max-snippet":"max-snippet:-1","max-image-preview":"max-image-preview:large","max-video-preview":"max-video-preview:-1"},"canonical":"https:\/\/www.ckccp.org\/index.php\/la-location\/","og_locale":"fr_FR","og_type":"article","og_title":"TARIF DES LOCATIONS - CKCCP Cano\u00eb Kayak Chasseneuil","og_description":"Enfant 5\u20ac l\u2019heure 10\u20ac les 3 heures Adulte 10\u20ac l\u2019heure 20\u20ac les 3 heures Tarif groupes sur r\u00e9servation \u00c0 partir de 8 personnes, avec ou sans accompagnement, avec ou sans entra\u00eenement\u2026 tout est possible !&nbsp;Contactez-nous et nous vous proposerons un devis adapt\u00e9 \u00e0 votre projet.","og_url":"https:\/\/www.ckccp.org\/index.php\/la-location\/","og_site_name":"CKCCP Cano\u00eb Kayak Chasseneuil","article_publisher":"https:\/\/www.facebook.com\/CKChasseneuildupoitou\/?locale=fr_FR","article_modified_time":"2024-07-24T12:06:53+00:00","twitter_card":"summary_large_image","twitter_misc":{"Dur\u00e9e de lecture estim\u00e9e":"1 minute"},"schema":{"@context":"https:\/\/schema.org","@graph":[{"@type":"WebPage","@id":"https:\/\/www.ckccp.org\/index.php\/la-location\/","url":"https:\/\/www.ckccp.org\/index.php\/la-location\/","name":"TARIF DES LOCATIONS - CKCCP Cano\u00eb Kayak Chasseneuil","isPartOf":{"@id":"https:\/\/www.ckccp.org\/#website"},"datePublished":"2024-04-21T14:40:17+00:00","dateModified":"2024-07-24T12:06:53+00:00","breadcrumb":{"@id":"https:\/\/www.ckccp.org\/index.php\/la-location\/#breadcrumb"},"inLanguage":"fr-FR","potentialAction":[{"@type":"ReadAction","target":["https:\/\/www.ckccp.org\/index.php\/la-location\/"]}]},{"@type":"BreadcrumbList","@id":"https:\/\/www.ckccp.org\/index.php\/la-location\/#breadcrumb","itemListElement":[{"@type":"ListItem","position":1,"name":"Accueil","item":"https:\/\/www.ckccp.org\/"},{"@type":"ListItem","position":2,"name":"TARIF DES LOCATIONS"}]},{"@type":"WebSite","@id":"https:\/\/www.ckccp.org\/#website","url":"https:\/\/www.ckccp.org\/","name":"Cano\u00eb Kayak Club Chasseneuil du Poitou","description":"CKCCP Cano\u00eb Kayak Chasseneuil","publisher":{"@id":"https:\/\/www.ckccp.org\/#organization"},"potentialAction":[{"@type":"SearchAction","target":{"@type":"EntryPoint","urlTemplate":"https:\/\/www.ckccp.org\/?s={search_term_string}"},"query-input":"required name=search_term_string"}],"inLanguage":"fr-FR"},{"@type":"Organization","@id":"https:\/\/www.ckccp.org\/#organization","name":"Cano\u00eb Kayak Club Chasseneuil du Poitou","alternateName":"ckccp","url":"https:\/\/www.ckccp.org\/","logo":{"@type":"ImageObject","inLanguage":"fr-FR","@id":"https:\/\/www.ckccp.org\/#\/schema\/logo\/image\/","url":"https:\/\/www.ckccp.org\/wp-content\/uploads\/2024\/07\/image.png","contentUrl":"https:\/\/www.ckccp.org\/wp-content\/uploads\/2024\/07\/image.png","width":483,"height":483,"caption":"Cano\u00eb Kayak Club Chasseneuil du Poitou"},"image":{"@id":"https:\/\/www.ckccp.org\/#\/schema\/logo\/image\/"},"sameAs":["https:\/\/www.facebook.com\/CKChasseneuildupoitou\/?locale=fr_FR"]}]}},"_links":{"self":[{"href":"https:\/\/www.ckccp.org\/index.php\/wp-json\/wp\/v2\/pages\/18","targetHints":{"allow":["GET"]}}],"collection":[{"href":"https:\/\/www.ckccp.org\/index.php\/wp-json\/wp\/v2\/pages"}],"about":[{"href":"https:\/\/www.ckccp.org\/index.php\/wp-json\/wp\/v2\/types\/page"}],"author":[{"embeddable":true,"href":"https:\/\/www.ckccp.org\/index.php\/wp-json\/wp\/v2\/users\/1"}],"replies":[{"embeddable":true,"href":"https:\/\/www.ckccp.org\/index.php\/wp-json\/wp\/v2\/comments?post=18"}],"version-history":[{"count":26,"href":"https:\/\/www.ckccp.org\/index.php\/wp-json\/wp\/v2\/pages\/18\/revisions"}],"predecessor-version":[{"id":480,"href":"https:\/\/www.ckccp.org\/index.php\/wp-json\/wp\/v2\/pages\/18\/revisions\/480"}],"wp:attachment":[{"href":"https:\/\/www.ckccp.org\/index.php\/wp-json\/wp\/v2\/media?parent=18"}],"curies":[{"name":"wp","href":"https:\/\/api.w.org\/{rel}","templated":true}]}}