{"id":25,"date":"2024-04-21T16:52:21","date_gmt":"2024-04-21T14:52:21","guid":{"rendered":"https:\/\/ckccp.org\/wordpress\/?page_id=25"},"modified":"2025-11-10T18:19:54","modified_gmt":"2025-11-10T17:19:54","slug":"le-club","status":"publish","type":"page","link":"https:\/\/www.ckccp.org\/","title":{"rendered":"LE CLUB"},"content":{"rendered":"\n<p>Bienvenue sur le site du CKCCP.<\/p>\n\n\n\n<p>Nous offrons un encadrement professionnel gr\u00e2ce \u00e0 un <a href=\"https:\/\/www.legifrance.gouv.fr\/codes\/section_lc\/LEGITEXT000006071318\/LEGISCTA000018751040\/\">Brevet d&rsquo;\u00e9tat<\/a> et des garanties de s\u00e9curit\u00e9. Le cano\u00eb kayak et paddle est accessible \u00e0 tous.<\/p>\n\n\n\n<p><a href=\"https:\/\/www.ckccp.org\/index.php\/le-clain\/\">La navigation sur le Clain<\/a> est une promenade pleine de charme notamment gr\u00e2ce \u00e0 ses rives pr\u00e9serv\u00e9es. La localisation du Club \u00e0 proximit\u00e9 du <a href=\"https:\/\/www.chasseneuildupoitou.fr\/contacts\/le-moulin-danguitard\/\">Moulin d&rsquo;Anguitard<\/a> (dans le parc du Clos de la Ribaudiere) permet la navigation aussi bien sur un bras ou sur la totalit\u00e9 de la rivi\u00e8re.<\/p>\n\n\n\n<div class=\"wp-block-buttons is-layout-flex wp-block-buttons-is-layout-flex\">\n<div class=\"wp-block-button\"><a class=\"wp-block-button__link has-background wp-element-button\" href=\"https:\/\/www.ckccp.org\/index.php\/le-clain\/\" style=\"background-color:#ce5e2d\">Le plan d&rsquo;eau<\/a><\/div>\n<\/div>\n\n\n\n<div class=\"wp-block-group is-content-justification-center is-layout-flex wp-container-core-group-is-layout-b02886af wp-block-group-is-layout-flex\">\n<figure class=\"wp-block-image size-large is-resized\"><img loading=\"lazy\" decoding=\"async\" width=\"1024\" height=\"768\" src=\"https:\/\/www.ckccp.org\/wp-content\/uploads\/2024\/07\/pratique-kayak-1-1024x768.jpg\" alt=\"\" class=\"wp-image-354\" style=\"width:406px;height:auto\" srcset=\"https:\/\/www.ckccp.org\/wp-content\/uploads\/2024\/07\/pratique-kayak-1-1024x768.jpg 1024w, https:\/\/www.ckccp.org\/wp-content\/uploads\/2024\/07\/pratique-kayak-1-300x225.jpg 300w, https:\/\/www.ckccp.org\/wp-content\/uploads\/2024\/07\/pratique-kayak-1.jpg 1224w\" sizes=\"auto, (max-width: 1024px) 100vw, 1024px\" \/><\/figure>\n\n\n\n<figure class=\"wp-block-image size-large is-resized\"><img loading=\"lazy\" decoding=\"async\" width=\"1024\" height=\"768\" src=\"https:\/\/www.ckccp.org\/wp-content\/uploads\/2024\/07\/pratique-kayak-2-1024x768.jpg\" alt=\"\" class=\"wp-image-355\" style=\"width:406px;height:auto\" srcset=\"https:\/\/www.ckccp.org\/wp-content\/uploads\/2024\/07\/pratique-kayak-2-1024x768.jpg 1024w, https:\/\/www.ckccp.org\/wp-content\/uploads\/2024\/07\/pratique-kayak-2-300x225.jpg 300w, https:\/\/www.ckccp.org\/wp-content\/uploads\/2024\/07\/pratique-kayak-2.jpg 1224w\" sizes=\"auto, (max-width: 1024px) 100vw, 1024px\" \/><\/figure>\n<\/div>\n\n\n\n<p><br>Le but du club est de favoriser l\u2019initiation et le perfectionnement au Cano\u00eb Kayak et \u00e0 ses disciplines associ\u00e9es. Un titulaire du <a href=\"https:\/\/www.legifrance.gouv.fr\/codes\/section_lc\/LEGITEXT000006071318\/LEGISCTA000018751040\/\">BEES<\/a> 1<sup>er<\/sup> degr\u00e9 encadre les participants.<\/p>\n\n\n\n<p>Notre club est affili\u00e9 \u00e0 la <a href=\"https:\/\/www.ffck.org\/\">F\u00e9d\u00e9ration Fran\u00e7aise de Cano\u00eb Kayak<\/a> et b\u00e9n\u00e9ficie d\u2019un agr\u00e9ment Jeunesse et Sports.<br><\/p>\n\n\n\n<p><strong>Conditions :<\/strong><\/p>\n\n\n\n<ul class=\"wp-block-list\">\n<li>\u00catre \u00e0 l\u2019aise dans l\u2019eau = savoir nager, sauter dans l\u2019eau et mettre la t\u00eate sous l\u2019eau.<\/li>\n\n\n\n<li>Porter des chaussures ferm\u00e9es, des v\u00eatements adapt\u00e9s (+ rechange).<\/li>\n\n\n\n<li>Pr\u00e9voir de l\u2019eau, protection solaire et cordon de lunettes.<\/li>\n\n\n\n<li><strong>Enfant \u00e0 partir de 6 ans,&nbsp;sachant nager.<\/strong><\/li>\n<\/ul>\n\n\n\n<h2 class=\"wp-block-heading\">Horaires<\/h2>\n\n\n\n<ul class=\"wp-block-list\">\n<li>Le club est ouvert toute l\u2019ann\u00e9e les mercredis et samedis de 14h \u00e0 17h.<\/li>\n\n\n\n<li>Des sorties sont organis\u00e9es le dimanche. Durant les vacances scolaires, un accueil des groupes est am\u00e9nag\u00e9.<\/li>\n<\/ul>\n\n\n\n<h2 class=\"wp-block-heading\">Location Activit\u00e9 d\u2019\u00e9t\u00e9<\/h2>\n\n\n\n<ul class=\"wp-block-list\">\n<li>Une location non encadr\u00e9e est possible certains week-ends et durant l\u2019\u00e9t\u00e9.<\/li>\n<\/ul>\n\n\n\n<div class=\"wp-block-buttons is-layout-flex wp-block-buttons-is-layout-flex\">\n<div class=\"wp-block-button\"><a class=\"wp-block-button__link has-background wp-element-button\" href=\"https:\/\/www.ckccp.org\/index.php\/la-location\/\" style=\"background-color:#ce5e2d\">Consulter nos tarifs<\/a><\/div>\n<\/div>\n\n\n\n<h2 class=\"wp-block-heading\">Ballade nocturne<\/h2>\n\n\n\n<p>R\u00e9servation obligatoire \u00e0 l\u2019<a href=\"https:\/\/www.chasseneuildupoitou.fr\/contacts\/camping-municipal\/\">Office du tourisme<\/a> :<\/p>\n\n\n\n<p><strong>Horaires d\u2019ouverture :<\/strong><\/p>\n\n\n\n<ul class=\"wp-block-list\">\n<li>\u00c0 partir du 1er juillet jusqu&rsquo;au 31 ao\u00fbt, balade uniquement les mercredis soir pour une dur\u00e9e de 2 heures.&nbsp;<\/li>\n\n\n\n<li>Pour le mois de juillet, d\u00e9part \u00e0 21h30.<\/li>\n\n\n\n<li>Pour le mois d&rsquo;ao\u00fbt, d\u00e9part \u00e0 21h.<\/li>\n<\/ul>\n\n\n\n<p><strong>Coordonn\u00e9es :<\/strong><\/p>\n\n\n\n<p>5 Place du Centre<br>86360 Chasseneuil-du-Poitou<\/p>\n\n\n\n<p>T\u00e9l : 05 49 52 83 64<\/p>\n\n\n\n<p>Email :&nbsp;<a href=\"mailto:info@visitpoitiers.fr\" target=\"_blank\" rel=\"noreferrer noopener\">info@visitpoitiers.fr<\/a><\/p>\n\n\n\n<div class=\"wp-block-group is-content-justification-center is-layout-flex wp-container-core-group-is-layout-b02886af wp-block-group-is-layout-flex\">\n<figure class=\"wp-block-image size-full is-resized\"><img loading=\"lazy\" decoding=\"async\" width=\"512\" height=\"512\" src=\"https:\/\/www.ckccp.org\/wp-content\/uploads\/2024\/07\/cropped-image.png\" alt=\"logo ckccp\" class=\"wp-image-254\" style=\"width:349px;height:auto\" srcset=\"https:\/\/www.ckccp.org\/wp-content\/uploads\/2024\/07\/cropped-image.png 512w, https:\/\/www.ckccp.org\/wp-content\/uploads\/2024\/07\/cropped-image-300x300.png 300w, https:\/\/www.ckccp.org\/wp-content\/uploads\/2024\/07\/cropped-image-150x150.png 150w, https:\/\/www.ckccp.org\/wp-content\/uploads\/2024\/07\/cropped-image-270x270.png 270w, https:\/\/www.ckccp.org\/wp-content\/uploads\/2024\/07\/cropped-image-192x192.png 192w, https:\/\/www.ckccp.org\/wp-content\/uploads\/2024\/07\/cropped-image-180x180.png 180w, https:\/\/www.ckccp.org\/wp-content\/uploads\/2024\/07\/cropped-image-32x32.png 32w\" sizes=\"auto, (max-width: 512px) 100vw, 512px\" \/><\/figure>\n\n\n\n<figure class=\"wp-block-image size-full is-resized\"><img loading=\"lazy\" decoding=\"async\" width=\"960\" height=\"720\" src=\"https:\/\/www.ckccp.org\/wp-content\/uploads\/2024\/07\/image.jpeg\" alt=\"Photo de kayakistes\" class=\"wp-image-143\" style=\"width:465px;height:auto\" srcset=\"https:\/\/www.ckccp.org\/wp-content\/uploads\/2024\/07\/image.jpeg 960w, https:\/\/www.ckccp.org\/wp-content\/uploads\/2024\/07\/image-300x225.jpeg 300w\" sizes=\"auto, (max-width: 960px) 100vw, 960px\" \/><\/figure>\n<\/div>\n","protected":false},"excerpt":{"rendered":"<p>Bienvenue sur le site du CKCCP. Nous offrons un encadrement professionnel gr\u00e2ce \u00e0 un Brevet d&rsquo;\u00e9tat et des garanties de s\u00e9curit\u00e9. Le cano\u00eb kayak et paddle est accessible \u00e0 tous. La navigation sur le Clain est une promenade pleine de charme notamment gr\u00e2ce \u00e0 ses rives pr\u00e9serv\u00e9es. La localisation du Club \u00e0 proximit\u00e9 du Moulin &hellip; <\/p>\n<p class=\"link-more\"><a href=\"https:\/\/www.ckccp.org\/\" class=\"more-link\">Lire la suite de<span class=\"screen-reader-text\">\u00ab\u00a0LE CLUB\u00a0\u00bb<\/span><\/a><\/p>\n","protected":false},"author":1,"featured_media":0,"parent":0,"menu_order":0,"comment_status":"closed","ping_status":"closed","template":"","meta":{"footnotes":""},"class_list":["post-25","page","type-page","status-publish","hentry"],"yoast_head":"<!-- This site is optimized with the Yoast SEO plugin v23.0 - https:\/\/yoast.com\/wordpress\/plugins\/seo\/ -->\n<title>LE CLUB - CKCCP Cano\u00eb Kayak Chasseneuil<\/title>\n<meta name=\"robots\" content=\"index, follow, max-snippet:-1, max-image-preview:large, max-video-preview:-1\" \/>\n<link rel=\"canonical\" href=\"https:\/\/www.ckccp.org\/\" \/>\n<meta property=\"og:locale\" content=\"fr_FR\" \/>\n<meta property=\"og:type\" content=\"article\" \/>\n<meta property=\"og:title\" content=\"LE CLUB - CKCCP Cano\u00eb Kayak Chasseneuil\" \/>\n<meta property=\"og:description\" content=\"Bienvenue sur le site du CKCCP. Nous offrons un encadrement professionnel gr\u00e2ce \u00e0 un Brevet d&rsquo;\u00e9tat et des garanties de s\u00e9curit\u00e9. Le cano\u00eb kayak et paddle est accessible \u00e0 tous. La navigation sur le Clain est une promenade pleine de charme notamment gr\u00e2ce \u00e0 ses rives pr\u00e9serv\u00e9es. La localisation du Club \u00e0 proximit\u00e9 du Moulin &hellip; Lire la suite de\u00ab\u00a0LE CLUB\u00a0\u00bb\" \/>\n<meta property=\"og:url\" content=\"https:\/\/www.ckccp.org\/\" \/>\n<meta property=\"og:site_name\" content=\"CKCCP Cano\u00eb Kayak Chasseneuil\" \/>\n<meta property=\"article:publisher\" content=\"https:\/\/www.facebook.com\/CKChasseneuildupoitou\/?locale=fr_FR\" \/>\n<meta property=\"article:modified_time\" content=\"2025-11-10T17:19:54+00:00\" \/>\n<meta property=\"og:image\" content=\"https:\/\/www.ckccp.org\/wp-content\/uploads\/2024\/07\/pratique-kayak-1-1024x768.jpg\" \/>\n<meta name=\"twitter:card\" content=\"summary_large_image\" \/>\n<meta name=\"twitter:label1\" content=\"Dur\u00e9e de lecture estim\u00e9e\" \/>\n\t<meta name=\"twitter:data1\" content=\"3 minutes\" \/>\n<script type=\"application\/ld+json\" class=\"yoast-schema-graph\">{\"@context\":\"https:\/\/schema.org\",\"@graph\":[{\"@type\":\"WebPage\",\"@id\":\"https:\/\/www.ckccp.org\/\",\"url\":\"https:\/\/www.ckccp.org\/\",\"name\":\"LE CLUB - CKCCP Cano\u00eb Kayak Chasseneuil\",\"isPartOf\":{\"@id\":\"https:\/\/www.ckccp.org\/#website\"},\"primaryImageOfPage\":{\"@id\":\"https:\/\/www.ckccp.org\/#primaryimage\"},\"image\":{\"@id\":\"https:\/\/www.ckccp.org\/#primaryimage\"},\"thumbnailUrl\":\"https:\/\/www.ckccp.org\/wp-content\/uploads\/2024\/07\/pratique-kayak-1-1024x768.jpg\",\"datePublished\":\"2024-04-21T14:52:21+00:00\",\"dateModified\":\"2025-11-10T17:19:54+00:00\",\"breadcrumb\":{\"@id\":\"https:\/\/www.ckccp.org\/#breadcrumb\"},\"inLanguage\":\"fr-FR\",\"potentialAction\":[{\"@type\":\"ReadAction\",\"target\":[\"https:\/\/www.ckccp.org\/\"]}]},{\"@type\":\"ImageObject\",\"inLanguage\":\"fr-FR\",\"@id\":\"https:\/\/www.ckccp.org\/#primaryimage\",\"url\":\"https:\/\/www.ckccp.org\/wp-content\/uploads\/2024\/07\/pratique-kayak-1.jpg\",\"contentUrl\":\"https:\/\/www.ckccp.org\/wp-content\/uploads\/2024\/07\/pratique-kayak-1.jpg\",\"width\":1224,\"height\":918},{\"@type\":\"BreadcrumbList\",\"@id\":\"https:\/\/www.ckccp.org\/#breadcrumb\",\"itemListElement\":[{\"@type\":\"ListItem\",\"position\":1,\"name\":\"Accueil\",\"item\":\"https:\/\/www.ckccp.org\/\"},{\"@type\":\"ListItem\",\"position\":2,\"name\":\"LE CLUB\"}]},{\"@type\":\"WebSite\",\"@id\":\"https:\/\/www.ckccp.org\/#website\",\"url\":\"https:\/\/www.ckccp.org\/\",\"name\":\"Cano\u00eb Kayak Club Chasseneuil du Poitou\",\"description\":\"CKCCP Cano\u00eb Kayak Chasseneuil\",\"publisher\":{\"@id\":\"https:\/\/www.ckccp.org\/#organization\"},\"potentialAction\":[{\"@type\":\"SearchAction\",\"target\":{\"@type\":\"EntryPoint\",\"urlTemplate\":\"https:\/\/www.ckccp.org\/?s={search_term_string}\"},\"query-input\":\"required name=search_term_string\"}],\"inLanguage\":\"fr-FR\"},{\"@type\":\"Organization\",\"@id\":\"https:\/\/www.ckccp.org\/#organization\",\"name\":\"Cano\u00eb Kayak Club Chasseneuil du Poitou\",\"alternateName\":\"ckccp\",\"url\":\"https:\/\/www.ckccp.org\/\",\"logo\":{\"@type\":\"ImageObject\",\"inLanguage\":\"fr-FR\",\"@id\":\"https:\/\/www.ckccp.org\/#\/schema\/logo\/image\/\",\"url\":\"https:\/\/www.ckccp.org\/wp-content\/uploads\/2024\/07\/image.png\",\"contentUrl\":\"https:\/\/www.ckccp.org\/wp-content\/uploads\/2024\/07\/image.png\",\"width\":483,\"height\":483,\"caption\":\"Cano\u00eb Kayak Club Chasseneuil du Poitou\"},\"image\":{\"@id\":\"https:\/\/www.ckccp.org\/#\/schema\/logo\/image\/\"},\"sameAs\":[\"https:\/\/www.facebook.com\/CKChasseneuildupoitou\/?locale=fr_FR\"]}]}<\/script>\n<!-- \/ Yoast SEO plugin. -->","yoast_head_json":{"title":"LE CLUB - CKCCP Cano\u00eb Kayak Chasseneuil","robots":{"index":"index","follow":"follow","max-snippet":"max-snippet:-1","max-image-preview":"max-image-preview:large","max-video-preview":"max-video-preview:-1"},"canonical":"https:\/\/www.ckccp.org\/","og_locale":"fr_FR","og_type":"article","og_title":"LE CLUB - CKCCP Cano\u00eb Kayak Chasseneuil","og_description":"Bienvenue sur le site du CKCCP. Nous offrons un encadrement professionnel gr\u00e2ce \u00e0 un Brevet d&rsquo;\u00e9tat et des garanties de s\u00e9curit\u00e9. Le cano\u00eb kayak et paddle est accessible \u00e0 tous. La navigation sur le Clain est une promenade pleine de charme notamment gr\u00e2ce \u00e0 ses rives pr\u00e9serv\u00e9es. La localisation du Club \u00e0 proximit\u00e9 du Moulin &hellip; Lire la suite de\u00ab\u00a0LE CLUB\u00a0\u00bb","og_url":"https:\/\/www.ckccp.org\/","og_site_name":"CKCCP Cano\u00eb Kayak Chasseneuil","article_publisher":"https:\/\/www.facebook.com\/CKChasseneuildupoitou\/?locale=fr_FR","article_modified_time":"2025-11-10T17:19:54+00:00","og_image":[{"url":"https:\/\/www.ckccp.org\/wp-content\/uploads\/2024\/07\/pratique-kayak-1-1024x768.jpg"}],"twitter_card":"summary_large_image","twitter_misc":{"Dur\u00e9e de lecture estim\u00e9e":"3 minutes"},"schema":{"@context":"https:\/\/schema.org","@graph":[{"@type":"WebPage","@id":"https:\/\/www.ckccp.org\/","url":"https:\/\/www.ckccp.org\/","name":"LE CLUB - CKCCP Cano\u00eb Kayak Chasseneuil","isPartOf":{"@id":"https:\/\/www.ckccp.org\/#website"},"primaryImageOfPage":{"@id":"https:\/\/www.ckccp.org\/#primaryimage"},"image":{"@id":"https:\/\/www.ckccp.org\/#primaryimage"},"thumbnailUrl":"https:\/\/www.ckccp.org\/wp-content\/uploads\/2024\/07\/pratique-kayak-1-1024x768.jpg","datePublished":"2024-04-21T14:52:21+00:00","dateModified":"2025-11-10T17:19:54+00:00","breadcrumb":{"@id":"https:\/\/www.ckccp.org\/#breadcrumb"},"inLanguage":"fr-FR","potentialAction":[{"@type":"ReadAction","target":["https:\/\/www.ckccp.org\/"]}]},{"@type":"ImageObject","inLanguage":"fr-FR","@id":"https:\/\/www.ckccp.org\/#primaryimage","url":"https:\/\/www.ckccp.org\/wp-content\/uploads\/2024\/07\/pratique-kayak-1.jpg","contentUrl":"https:\/\/www.ckccp.org\/wp-content\/uploads\/2024\/07\/pratique-kayak-1.jpg","width":1224,"height":918},{"@type":"BreadcrumbList","@id":"https:\/\/www.ckccp.org\/#breadcrumb","itemListElement":[{"@type":"ListItem","position":1,"name":"Accueil","item":"https:\/\/www.ckccp.org\/"},{"@type":"ListItem","position":2,"name":"LE CLUB"}]},{"@type":"WebSite","@id":"https:\/\/www.ckccp.org\/#website","url":"https:\/\/www.ckccp.org\/","name":"Cano\u00eb Kayak Club Chasseneuil du Poitou","description":"CKCCP Cano\u00eb Kayak Chasseneuil","publisher":{"@id":"https:\/\/www.ckccp.org\/#organization"},"potentialAction":[{"@type":"SearchAction","target":{"@type":"EntryPoint","urlTemplate":"https:\/\/www.ckccp.org\/?s={search_term_string}"},"query-input":"required name=search_term_string"}],"inLanguage":"fr-FR"},{"@type":"Organization","@id":"https:\/\/www.ckccp.org\/#organization","name":"Cano\u00eb Kayak Club Chasseneuil du Poitou","alternateName":"ckccp","url":"https:\/\/www.ckccp.org\/","logo":{"@type":"ImageObject","inLanguage":"fr-FR","@id":"https:\/\/www.ckccp.org\/#\/schema\/logo\/image\/","url":"https:\/\/www.ckccp.org\/wp-content\/uploads\/2024\/07\/image.png","contentUrl":"https:\/\/www.ckccp.org\/wp-content\/uploads\/2024\/07\/image.png","width":483,"height":483,"caption":"Cano\u00eb Kayak Club Chasseneuil du Poitou"},"image":{"@id":"https:\/\/www.ckccp.org\/#\/schema\/logo\/image\/"},"sameAs":["https:\/\/www.facebook.com\/CKChasseneuildupoitou\/?locale=fr_FR"]}]}},"_links":{"self":[{"href":"https:\/\/www.ckccp.org\/index.php\/wp-json\/wp\/v2\/pages\/25","targetHints":{"allow":["GET"]}}],"collection":[{"href":"https:\/\/www.ckccp.org\/index.php\/wp-json\/wp\/v2\/pages"}],"about":[{"href":"https:\/\/www.ckccp.org\/index.php\/wp-json\/wp\/v2\/types\/page"}],"author":[{"embeddable":true,"href":"https:\/\/www.ckccp.org\/index.php\/wp-json\/wp\/v2\/users\/1"}],"replies":[{"embeddable":true,"href":"https:\/\/www.ckccp.org\/index.php\/wp-json\/wp\/v2\/comments?post=25"}],"version-history":[{"count":48,"href":"https:\/\/www.ckccp.org\/index.php\/wp-json\/wp\/v2\/pages\/25\/revisions"}],"predecessor-version":[{"id":511,"href":"https:\/\/www.ckccp.org\/index.php\/wp-json\/wp\/v2\/pages\/25\/revisions\/511"}],"wp:attachment":[{"href":"https:\/\/www.ckccp.org\/index.php\/wp-json\/wp\/v2\/media?parent=25"}],"curies":[{"name":"wp","href":"https:\/\/api.w.org\/{rel}","templated":true}]}}